{"id":26,"date":"2019-04-11T17:53:49","date_gmt":"2019-04-11T15:53:49","guid":{"rendered":"http:\/\/stomiazwesola.pl\/?page_id=26"},"modified":"2024-01-02T14:56:57","modified_gmt":"2024-01-02T13:56:57","slug":"strona-glowna","status":"publish","type":"page","link":"https:\/\/stomia.wesolek.care\/","title":{"rendered":"Strona g\u0142\u00f3wna"},"content":{"rendered":"\n<p class=\"has-medium-font-size\">   <br>   <\/p>\n\n\n\n<p class=\"has-medium-font-size\">Mam na imi\u0119 Paulina. Jestem Stomiczk\u0105.<\/p>\n\n\n\n<p class=\"has-text-align-left has-medium-font-size\"><strong>Mam wiele.<\/strong> Mam 38 lat, mam psa, mam gruby segregator z dokumentacj\u0105 medyczn\u0105 i mam wiele do\u015bwiadcze\u0144, na podstawie kt\u00f3rych mog\u0142abym napisa\u0107 kilka bardzo grubych ksi\u0105\u017cek o tym co prze\u017cy\u0142am choruj\u0105c na wrzodziej\u0105ce zapalenie jelita grubego, o tym jak\u0105 wspania\u0142\u0105 mam rodzin\u0119, o tym co widzia\u0142am w salach i na korytarzach szpitalnych oraz o tym, \u017ce wbrew oczekiwaniom os\u00f3b z zewn\u0105trz Ja jako osoba chora mam wiele praw. Mam prawo dobrze wygl\u0105da\u0107, mam prawo by\u0107 szcz\u0119\u015bliwa, mam prawo mie\u0107 marzenia i mog\u0119 osi\u0105ga\u0107 postawione sobie cele, mam prawo zadziwia\u0107 i mam prawo dawa\u0107 si\u0142\u0119 innym a czasem, ale tylko przez chwile mam prawo si\u0119 ba\u0107.<\/p>\n\n\n\n<p><br><\/p>\n\n\n\n<p><br><\/p>\n","protected":false},"excerpt":{"rendered":"<p>Mam na imi\u0119 Paulina. Jestem Stomiczk\u0105. Mam wiele. Mam lat, mam psa, mam gruby segregator z dokumentacj\u0105 medyczn\u0105 i mam wiele do\u015bwiadcze\u0144, na podstawie kt\u00f3rych mog\u0142abym napisa\u0107 kilka bardzo grubych ksi\u0105\u017cek o tym co prze\u017cy\u0142am choruj\u0105c na wrzodziej\u0105ce zapalenie jelita grubego, o tym jak\u0105 wspania\u0142\u0105 mam rodzin\u0119, o tym co widzia\u0142am w salach i na [&hellip;]<\/p>\n","protected":false},"author":2,"featured_media":0,"parent":0,"menu_order":0,"comment_status":"closed","ping_status":"closed","template":"page-templates\/page_fullwidth.php","meta":{"footnotes":""},"class_list":["post-26","page","type-page","status-publish","hentry"],"yoast_head":"<!-- This site is optimized with the Yoast SEO plugin v27.4 - https:\/\/yoast.com\/product\/yoast-seo-wordpress\/ -->\n<title>Strona g\u0142\u00f3wna &#8902; Stomia z Weso\u0142\u0105<\/title>\n<meta name=\"robots\" content=\"index, follow, max-snippet:-1, max-image-preview:large, max-video-preview:-1\" \/>\n<link rel=\"canonical\" href=\"https:\/\/stomia.wesolek.care\/\" \/>\n<meta property=\"og:locale\" content=\"pl_PL\" \/>\n<meta property=\"og:type\" content=\"article\" \/>\n<meta property=\"og:title\" content=\"Strona g\u0142\u00f3wna &#8902; Stomia z Weso\u0142\u0105\" \/>\n<meta property=\"og:description\" content=\"Mam na imi\u0119 Paulina. Jestem Stomiczk\u0105. Mam wiele. Mam lat, mam psa, mam gruby segregator z dokumentacj\u0105 medyczn\u0105 i mam wiele do\u015bwiadcze\u0144, na podstawie kt\u00f3rych mog\u0142abym napisa\u0107 kilka bardzo grubych ksi\u0105\u017cek o tym co prze\u017cy\u0142am choruj\u0105c na wrzodziej\u0105ce zapalenie jelita grubego, o tym jak\u0105 wspania\u0142\u0105 mam rodzin\u0119, o tym co widzia\u0142am w salach i na [&hellip;]\" \/>\n<meta property=\"og:url\" content=\"https:\/\/stomia.wesolek.care\/\" \/>\n<meta property=\"og:site_name\" content=\"Stomia z Weso\u0142\u0105\" \/>\n<meta property=\"article:modified_time\" content=\"2024-01-02T13:56:57+00:00\" \/>\n<meta name=\"twitter:card\" content=\"summary_large_image\" \/>\n<meta name=\"twitter:label1\" content=\"Szacowany czas czytania\" \/>\n\t<meta name=\"twitter:data1\" content=\"1 minuta\" \/>\n<script type=\"application\/ld+json\" class=\"yoast-schema-graph\">{\"@context\":\"https:\\\/\\\/schema.org\",\"@graph\":[{\"@type\":\"WebPage\",\"@id\":\"https:\\\/\\\/stomia.wesolek.care\\\/\",\"url\":\"https:\\\/\\\/stomia.wesolek.care\\\/\",\"name\":\"Strona g\u0142\u00f3wna &#8902; Stomia z Weso\u0142\u0105\",\"isPartOf\":{\"@id\":\"https:\\\/\\\/stomia.wesolek.care\\\/#website\"},\"datePublished\":\"2019-04-11T15:53:49+00:00\",\"dateModified\":\"2024-01-02T13:56:57+00:00\",\"breadcrumb\":{\"@id\":\"https:\\\/\\\/stomia.wesolek.care\\\/#breadcrumb\"},\"inLanguage\":\"pl-PL\",\"potentialAction\":[{\"@type\":\"ReadAction\",\"target\":[\"https:\\\/\\\/stomia.wesolek.care\\\/\"]}]},{\"@type\":\"BreadcrumbList\",\"@id\":\"https:\\\/\\\/stomia.wesolek.care\\\/#breadcrumb\",\"itemListElement\":[{\"@type\":\"ListItem\",\"position\":1,\"name\":\"Strona g\u0142\u00f3wna\",\"item\":\"https:\\\/\\\/stomia.wesolek.care\\\/\"},{\"@type\":\"ListItem\",\"position\":2,\"name\":\"Strona g\u0142\u00f3wna\"}]},{\"@type\":\"WebSite\",\"@id\":\"https:\\\/\\\/stomia.wesolek.care\\\/#website\",\"url\":\"https:\\\/\\\/stomia.wesolek.care\\\/\",\"name\":\"Stomia z Weso\u0142\u0105\",\"description\":\"\",\"publisher\":{\"@id\":\"https:\\\/\\\/stomia.wesolek.care\\\/#\\\/schema\\\/person\\\/34e19ec6ee091938469f1fd3140cabd3\"},\"potentialAction\":[{\"@type\":\"SearchAction\",\"target\":{\"@type\":\"EntryPoint\",\"urlTemplate\":\"https:\\\/\\\/stomia.wesolek.care\\\/?s={search_term_string}\"},\"query-input\":{\"@type\":\"PropertyValueSpecification\",\"valueRequired\":true,\"valueName\":\"search_term_string\"}}],\"inLanguage\":\"pl-PL\"},{\"@type\":[\"Person\",\"Organization\"],\"@id\":\"https:\\\/\\\/stomia.wesolek.care\\\/#\\\/schema\\\/person\\\/34e19ec6ee091938469f1fd3140cabd3\",\"name\":\"Paulina Weso\u0142ek\",\"image\":{\"@type\":\"ImageObject\",\"inLanguage\":\"pl-PL\",\"@id\":\"https:\\\/\\\/secure.gravatar.com\\\/avatar\\\/bc0eddd346adeae3f86a834d20fb4e13dcdf982a0ee0c3106daadce0feb09af4?s=96&d=mm&r=g\",\"url\":\"https:\\\/\\\/secure.gravatar.com\\\/avatar\\\/bc0eddd346adeae3f86a834d20fb4e13dcdf982a0ee0c3106daadce0feb09af4?s=96&d=mm&r=g\",\"contentUrl\":\"https:\\\/\\\/secure.gravatar.com\\\/avatar\\\/bc0eddd346adeae3f86a834d20fb4e13dcdf982a0ee0c3106daadce0feb09af4?s=96&d=mm&r=g\",\"caption\":\"Paulina Weso\u0142ek\"},\"logo\":{\"@id\":\"https:\\\/\\\/secure.gravatar.com\\\/avatar\\\/bc0eddd346adeae3f86a834d20fb4e13dcdf982a0ee0c3106daadce0feb09af4?s=96&d=mm&r=g\"}}]}<\/script>\n<!-- \/ Yoast SEO plugin. -->","yoast_head_json":{"title":"Strona g\u0142\u00f3wna &#8902; Stomia z Weso\u0142\u0105","robots":{"index":"index","follow":"follow","max-snippet":"max-snippet:-1","max-image-preview":"max-image-preview:large","max-video-preview":"max-video-preview:-1"},"canonical":"https:\/\/stomia.wesolek.care\/","og_locale":"pl_PL","og_type":"article","og_title":"Strona g\u0142\u00f3wna &#8902; Stomia z Weso\u0142\u0105","og_description":"Mam na imi\u0119 Paulina. Jestem Stomiczk\u0105. Mam wiele. Mam lat, mam psa, mam gruby segregator z dokumentacj\u0105 medyczn\u0105 i mam wiele do\u015bwiadcze\u0144, na podstawie kt\u00f3rych mog\u0142abym napisa\u0107 kilka bardzo grubych ksi\u0105\u017cek o tym co prze\u017cy\u0142am choruj\u0105c na wrzodziej\u0105ce zapalenie jelita grubego, o tym jak\u0105 wspania\u0142\u0105 mam rodzin\u0119, o tym co widzia\u0142am w salach i na [&hellip;]","og_url":"https:\/\/stomia.wesolek.care\/","og_site_name":"Stomia z Weso\u0142\u0105","article_modified_time":"2024-01-02T13:56:57+00:00","twitter_card":"summary_large_image","twitter_misc":{"Szacowany czas czytania":"1 minuta"},"schema":{"@context":"https:\/\/schema.org","@graph":[{"@type":"WebPage","@id":"https:\/\/stomia.wesolek.care\/","url":"https:\/\/stomia.wesolek.care\/","name":"Strona g\u0142\u00f3wna &#8902; Stomia z Weso\u0142\u0105","isPartOf":{"@id":"https:\/\/stomia.wesolek.care\/#website"},"datePublished":"2019-04-11T15:53:49+00:00","dateModified":"2024-01-02T13:56:57+00:00","breadcrumb":{"@id":"https:\/\/stomia.wesolek.care\/#breadcrumb"},"inLanguage":"pl-PL","potentialAction":[{"@type":"ReadAction","target":["https:\/\/stomia.wesolek.care\/"]}]},{"@type":"BreadcrumbList","@id":"https:\/\/stomia.wesolek.care\/#breadcrumb","itemListElement":[{"@type":"ListItem","position":1,"name":"Strona g\u0142\u00f3wna","item":"https:\/\/stomia.wesolek.care\/"},{"@type":"ListItem","position":2,"name":"Strona g\u0142\u00f3wna"}]},{"@type":"WebSite","@id":"https:\/\/stomia.wesolek.care\/#website","url":"https:\/\/stomia.wesolek.care\/","name":"Stomia z Weso\u0142\u0105","description":"","publisher":{"@id":"https:\/\/stomia.wesolek.care\/#\/schema\/person\/34e19ec6ee091938469f1fd3140cabd3"},"potentialAction":[{"@type":"SearchAction","target":{"@type":"EntryPoint","urlTemplate":"https:\/\/stomia.wesolek.care\/?s={search_term_string}"},"query-input":{"@type":"PropertyValueSpecification","valueRequired":true,"valueName":"search_term_string"}}],"inLanguage":"pl-PL"},{"@type":["Person","Organization"],"@id":"https:\/\/stomia.wesolek.care\/#\/schema\/person\/34e19ec6ee091938469f1fd3140cabd3","name":"Paulina Weso\u0142ek","image":{"@type":"ImageObject","inLanguage":"pl-PL","@id":"https:\/\/secure.gravatar.com\/avatar\/bc0eddd346adeae3f86a834d20fb4e13dcdf982a0ee0c3106daadce0feb09af4?s=96&d=mm&r=g","url":"https:\/\/secure.gravatar.com\/avatar\/bc0eddd346adeae3f86a834d20fb4e13dcdf982a0ee0c3106daadce0feb09af4?s=96&d=mm&r=g","contentUrl":"https:\/\/secure.gravatar.com\/avatar\/bc0eddd346adeae3f86a834d20fb4e13dcdf982a0ee0c3106daadce0feb09af4?s=96&d=mm&r=g","caption":"Paulina Weso\u0142ek"},"logo":{"@id":"https:\/\/secure.gravatar.com\/avatar\/bc0eddd346adeae3f86a834d20fb4e13dcdf982a0ee0c3106daadce0feb09af4?s=96&d=mm&r=g"}}]}},"_links":{"self":[{"href":"https:\/\/stomia.wesolek.care\/index.php\/wp-json\/wp\/v2\/pages\/26","targetHints":{"allow":["GET"]}}],"collection":[{"href":"https:\/\/stomia.wesolek.care\/index.php\/wp-json\/wp\/v2\/pages"}],"about":[{"href":"https:\/\/stomia.wesolek.care\/index.php\/wp-json\/wp\/v2\/types\/page"}],"author":[{"embeddable":true,"href":"https:\/\/stomia.wesolek.care\/index.php\/wp-json\/wp\/v2\/users\/2"}],"replies":[{"embeddable":true,"href":"https:\/\/stomia.wesolek.care\/index.php\/wp-json\/wp\/v2\/comments?post=26"}],"version-history":[{"count":16,"href":"https:\/\/stomia.wesolek.care\/index.php\/wp-json\/wp\/v2\/pages\/26\/revisions"}],"predecessor-version":[{"id":354,"href":"https:\/\/stomia.wesolek.care\/index.php\/wp-json\/wp\/v2\/pages\/26\/revisions\/354"}],"wp:attachment":[{"href":"https:\/\/stomia.wesolek.care\/index.php\/wp-json\/wp\/v2\/media?parent=26"}],"curies":[{"name":"wp","href":"https:\/\/api.w.org\/{rel}","templated":true}]}}